{"id":169,"date":"2020-05-23T03:39:38","date_gmt":"2020-05-23T01:39:38","guid":{"rendered":"https:\/\/studiochiodi.it\/?page_id=169"},"modified":"2022-11-14T13:14:53","modified_gmt":"2022-11-14T12:14:53","slug":"chi-siamo","status":"publish","type":"page","link":"https:\/\/studiochiodi.it\/?page_id=169","title":{"rendered":"Chi Siamo"},"content":{"rendered":"\t\t<div data-elementor-type=\"wp-page\" data-elementor-id=\"169\" class=\"elementor elementor-169\" data-elementor-post-type=\"page\">\n\t\t\t\t\t\t<section class=\"elementor-section elementor-top-section elementor-element elementor-element-60a17e1c elementor-section-height-min-height elementor-section-boxed elementor-section-height-default elementor-section-items-middle\" data-id=\"60a17e1c\" data-element_type=\"section\" data-e-type=\"section\" data-settings=\"{&quot;background_background&quot;:&quot;classic&quot;}\">\n\t\t\t\t\t\t<div class=\"elementor-container elementor-column-gap-default\">\n\t\t\t\t\t<div class=\"elementor-column elementor-col-100 elementor-top-column elementor-element elementor-element-2df3e9bb\" data-id=\"2df3e9bb\" data-element_type=\"column\" data-e-type=\"column\">\n\t\t\t<div class=\"elementor-widget-wrap elementor-element-populated\">\n\t\t\t\t\t\t<section class=\"elementor-section elementor-inner-section elementor-element elementor-element-1296fcce elementor-reverse-mobile elementor-section-boxed elementor-section-height-default elementor-section-height-default\" data-id=\"1296fcce\" data-element_type=\"section\" data-e-type=\"section\" data-settings=\"{&quot;background_background&quot;:&quot;classic&quot;}\">\n\t\t\t\t\t\t<div class=\"elementor-container elementor-column-gap-default\">\n\t\t\t\t\t<div class=\"elementor-column elementor-col-100 elementor-inner-column elementor-element elementor-element-44b06c9b\" data-id=\"44b06c9b\" data-element_type=\"column\" data-e-type=\"column\" data-settings=\"{&quot;background_background&quot;:&quot;classic&quot;}\">\n\t\t\t<div class=\"elementor-widget-wrap elementor-element-populated\">\n\t\t\t\t\t\t<div class=\"elementor-element elementor-element-2fb787c1 elementor-widget elementor-widget-heading\" data-id=\"2fb787c1\" data-element_type=\"widget\" data-e-type=\"widget\" data-widget_type=\"heading.default\">\n\t\t\t\t<div class=\"elementor-widget-container\">\n\t\t\t\t\t<h2 class=\"elementor-heading-title elementor-size-default\">CHI SIAMO<\/h2>\t\t\t\t<\/div>\n\t\t\t\t<\/div>\n\t\t\t\t<div class=\"elementor-element elementor-element-44cf4888 elementor-widget elementor-widget-text-editor\" data-id=\"44cf4888\" data-element_type=\"widget\" data-e-type=\"widget\" data-widget_type=\"text-editor.default\">\n\t\t\t\t<div class=\"elementor-widget-container\">\n\t\t\t\t\t\t\t\t\t<h4>Lo studio Chiodi nasce a gennaio 2002 da un\u2018idea del suo titolare, Marco Chiodi, il quale, dopo circa dieci anni di attivit\u00e0 nello stesso settore, voleva creare una struttura di mediazione in cui il cliente fosse al centro della professionalit\u00e0.<br>La scelta di conferire un incarico di mediazione con una struttura snella, senza clausole vessatorie o penali continua in questi quasi vent\u2019anni continuativi ad essere il fulcro dell\u2019attivit\u00e0 lavorativa.&nbsp;<\/h4>\n<h4>Il metodo scelto era ed \u00e8 tuttora quello di avere dei partner con cui interfacciarsi per riuscire a vendere e\/o affittare l\u2019immobile.<\/h4>\n<h4>La continua formazione in ambito interdisciplinare, l\u2019attivit\u00e0 involge aspetti civilistici, fiscali, urbanistici, tecnici e deontologici, ha portato e porta tuttora alla risoluzione di problemi grazie anche alla partnership con altri professionisti quale ingegneri, architetti, notai, commercialisti.<\/h4>\n<div><br><\/div>\n<h4><span style=\"font-size: 16px;\"><b>Studio Chiodi \u00e8 lieto di annunciare un&#8217;importante collaborazione con un avvocato civilista di comprovata esperienza<\/b>, <b>che sar\u00e0 a disposizione nel nostro Studio (ogni marted\u00ec dalle 16 alle 17) per coloro che vorranno chiarire questioni legate al diritto immobiliare-condominiale, specificatamente delle locazioni e pi\u00f9 in generale del diritto civile.&nbsp;<\/b><\/span><\/h4>\n<h4>&nbsp; <br>L\u2019attivit\u00e0 negli anni si \u00e8 anche sviluppata nella gestione delle propriet\u00e0 immobiliari, diventando il referente per chi ha un immobile locato ma non vuole o non pu\u00f2 seguire tutti gli aspetti legati alla locazione da quello pi\u00f9 semplice come la suddivisione degli interventi di manutenzione tra locatore e conduttore a quello pi\u00f9 complesso per la stesura pattizia di un contratto.<\/h4>\n<h4>Annovera tra i propri clienti primari gruppi industriali italiani, propriet\u00e0 private, societ\u00e0 commerciali e studi di professionisti.<\/h4>\n<h4>&nbsp;Nello studio Chiodi lavorano attivamente Davide negli ambiti gestionali-commerciali e Stefania nella consulenza immobiliare, Leandro e Margherita negli ambiti organizzativi oltre a professionisti indipendenti tra cui Home Stager, Ingegneri, Avvocati e Dottori Commercialisti.<\/h4>\n<h4>&nbsp;Nel corso degli anni ha pubblicizzato gli immobili dei propri clienti su riviste specializzate di settore, portali internet e quotidiani come Repubblica, Il Giornale, L\u2019Eco di Bergamo e ha curato per conto di un Ente pubblico la quotazione di alcuni immobili di loro propriet\u00e0.<\/h4>\n<div><br><\/div>\t\t\t\t\t\t\t\t<\/div>\n\t\t\t\t<\/div>\n\t\t\t\t\t<\/div>\n\t\t<\/div>\n\t\t\t\t\t<\/div>\n\t\t<\/section>\n\t\t\t\t<section class=\"elementor-section elementor-inner-section elementor-element elementor-element-292c8438 elementor-reverse-mobile elementor-section-boxed elementor-section-height-default elementor-section-height-default\" data-id=\"292c8438\" data-element_type=\"section\" data-e-type=\"section\" data-settings=\"{&quot;background_background&quot;:&quot;classic&quot;}\">\n\t\t\t\t\t\t<div class=\"elementor-container elementor-column-gap-default\">\n\t\t\t\t\t<div class=\"elementor-column elementor-col-50 elementor-inner-column elementor-element elementor-element-34237e70\" data-id=\"34237e70\" data-element_type=\"column\" data-e-type=\"column\">\n\t\t\t<div class=\"elementor-widget-wrap elementor-element-populated\">\n\t\t\t\t\t\t<div class=\"elementor-element elementor-element-401e66ec elementor-invisible elementor-widget elementor-widget-image-box\" data-id=\"401e66ec\" data-element_type=\"widget\" data-e-type=\"widget\" data-settings=\"{&quot;_animation&quot;:&quot;fadeInLeft&quot;}\" data-widget_type=\"image-box.default\">\n\t\t\t\t<div class=\"elementor-widget-container\">\n\t\t\t\t\t<div class=\"elementor-image-box-wrapper\"><div class=\"elementor-image-box-content\"><h3 class=\"elementor-image-box-title\">Non creiamo problemi...<\/h3><\/div><\/div>\t\t\t\t<\/div>\n\t\t\t\t<\/div>\n\t\t\t\t<div class=\"elementor-element elementor-element-68a50241 elementor-invisible elementor-widget elementor-widget-image\" data-id=\"68a50241\" data-element_type=\"widget\" data-e-type=\"widget\" data-settings=\"{&quot;_animation&quot;:&quot;fadeInUp&quot;}\" data-widget_type=\"image.default\">\n\t\t\t\t<div class=\"elementor-widget-container\">\n\t\t\t\t\t\t\t\t\t\t\t\t\t\t\t<img fetchpriority=\"high\" decoding=\"async\" width=\"725\" height=\"1024\" src=\"https:\/\/studiochiodi.it\/wp-content\/uploads\/2020\/05\/4-2-725x1024.png\" class=\"attachment-large size-large wp-image-171\" alt=\"\" srcset=\"https:\/\/studiochiodi.it\/wp-content\/uploads\/2020\/05\/4-2-725x1024.png 725w, https:\/\/studiochiodi.it\/wp-content\/uploads\/2020\/05\/4-2-212x300.png 212w, https:\/\/studiochiodi.it\/wp-content\/uploads\/2020\/05\/4-2-768x1085.png 768w, https:\/\/studiochiodi.it\/wp-content\/uploads\/2020\/05\/4-2.png 892w\" sizes=\"(max-width: 725px) 100vw, 725px\" \/>\t\t\t\t\t\t\t\t\t\t\t\t\t\t\t<\/div>\n\t\t\t\t<\/div>\n\t\t\t\t\t<\/div>\n\t\t<\/div>\n\t\t\t\t<div class=\"elementor-column elementor-col-50 elementor-inner-column elementor-element elementor-element-792a8204\" data-id=\"792a8204\" data-element_type=\"column\" data-e-type=\"column\">\n\t\t\t<div class=\"elementor-widget-wrap elementor-element-populated\">\n\t\t\t\t\t\t<div class=\"elementor-element elementor-element-29ace8b5 elementor-invisible elementor-widget elementor-widget-image\" data-id=\"29ace8b5\" data-element_type=\"widget\" data-e-type=\"widget\" data-settings=\"{&quot;_animation&quot;:&quot;fadeInDown&quot;}\" data-widget_type=\"image.default\">\n\t\t\t\t<div class=\"elementor-widget-container\">\n\t\t\t\t\t\t\t\t\t\t\t\t\t\t\t<img decoding=\"async\" width=\"712\" height=\"1024\" src=\"https:\/\/studiochiodi.it\/wp-content\/uploads\/2020\/05\/3-2-712x1024.png\" class=\"attachment-large size-large wp-image-172\" alt=\"\" srcset=\"https:\/\/studiochiodi.it\/wp-content\/uploads\/2020\/05\/3-2-712x1024.png 712w, https:\/\/studiochiodi.it\/wp-content\/uploads\/2020\/05\/3-2-209x300.png 209w, https:\/\/studiochiodi.it\/wp-content\/uploads\/2020\/05\/3-2-768x1105.png 768w, https:\/\/studiochiodi.it\/wp-content\/uploads\/2020\/05\/3-2.png 833w\" sizes=\"(max-width: 712px) 100vw, 712px\" \/>\t\t\t\t\t\t\t\t\t\t\t\t\t\t\t<\/div>\n\t\t\t\t<\/div>\n\t\t\t\t<div class=\"elementor-element elementor-element-758beb9c elementor-invisible elementor-widget elementor-widget-image-box\" data-id=\"758beb9c\" data-element_type=\"widget\" data-e-type=\"widget\" data-settings=\"{&quot;_animation&quot;:&quot;fadeInRight&quot;}\" data-widget_type=\"image-box.default\">\n\t\t\t\t<div class=\"elementor-widget-container\">\n\t\t\t\t\t<div class=\"elementor-image-box-wrapper\"><div class=\"elementor-image-box-content\"><h3 class=\"elementor-image-box-title\">... troviamo soluzioni<\/h3><\/div><\/div>\t\t\t\t<\/div>\n\t\t\t\t<\/div>\n\t\t\t\t\t<\/div>\n\t\t<\/div>\n\t\t\t\t\t<\/div>\n\t\t<\/section>\n\t\t\t\t\t<\/div>\n\t\t<\/div>\n\t\t\t\t\t<\/div>\n\t\t<\/section>\n\t\t\t\t<\/div>\n\t\t","protected":false},"excerpt":{"rendered":"<p>CHI SIAMO Lo studio Chiodi nasce a gennaio 2002 da un\u2018idea del suo titolare, Marco Chiodi, il quale, dopo circa dieci anni di attivit\u00e0 nello stesso settore, voleva creare una struttura di mediazione in cui il cliente fosse al centro della professionalit\u00e0.La scelta di conferire un incarico di mediazione con una struttura snella, senza clausole [&hellip;]<\/p>\n","protected":false},"author":1,"featured_media":0,"parent":0,"menu_order":0,"comment_status":"closed","ping_status":"closed","template":"elementor_header_footer","meta":{"footnotes":""},"class_list":["post-169","page","type-page","status-publish","hentry"],"jetpack_sharing_enabled":true,"_links":{"self":[{"href":"https:\/\/studiochiodi.it\/index.php?rest_route=\/wp\/v2\/pages\/169","targetHints":{"allow":["GET"]}}],"collection":[{"href":"https:\/\/studiochiodi.it\/index.php?rest_route=\/wp\/v2\/pages"}],"about":[{"href":"https:\/\/studiochiodi.it\/index.php?rest_route=\/wp\/v2\/types\/page"}],"author":[{"embeddable":true,"href":"https:\/\/studiochiodi.it\/index.php?rest_route=\/wp\/v2\/users\/1"}],"replies":[{"embeddable":true,"href":"https:\/\/studiochiodi.it\/index.php?rest_route=%2Fwp%2Fv2%2Fcomments&post=169"}],"version-history":[{"count":30,"href":"https:\/\/studiochiodi.it\/index.php?rest_route=\/wp\/v2\/pages\/169\/revisions"}],"predecessor-version":[{"id":4093,"href":"https:\/\/studiochiodi.it\/index.php?rest_route=\/wp\/v2\/pages\/169\/revisions\/4093"}],"wp:attachment":[{"href":"https:\/\/studiochiodi.it\/index.php?rest_route=%2Fwp%2Fv2%2Fmedia&parent=169"}],"curies":[{"name":"wp","href":"https:\/\/api.w.org\/{rel}","templated":true}]}}